{"id":271,"date":"2018-02-20T17:11:55","date_gmt":"2018-02-20T16:11:55","guid":{"rendered":"https:\/\/gbmlf.miam.dev\/mentions-legales\/"},"modified":"2021-02-23T16:03:26","modified_gmt":"2021-02-23T15:03:26","slug":"mentions-legales","status":"publish","type":"page","link":"https:\/\/gbmlf.miam.dev\/en\/mentions-legales\/","title":{"rendered":"Legal Notice"},"content":{"rendered":"<p>To download, click on &gt; <a href=\"https:\/\/gbmlf.miam.dev\/wp-content\/uploads\/2021\/02\/Legal-Notice-of-the-Website-www.gbmlf_.pdf\">Legal Notice<\/a><\/p>\n<p><em>Note: The French text shall prevail in any case.<\/em><\/p>\n<p><strong>1. Website Editor<\/strong><\/p>\n<p>The Website accessible at <a href=\"https:\/\/gbmlf.miam.dev\/\">https:\/\/gbmlf.miam.dev\/<\/a> (hereinafter the &#8220;Website&#8221;), is published by GIACCARDI BREZZO ASSOCIES, Soci\u00e9t\u00e9 Civile Particuli\u00e8re (SCP) (hereinafter \u201cGIACCARDI &amp; BREZZO Avocats\u201d):<\/p>\n<p>\u00ab\u00a0Les Flots bleus\u00a0\u00bb<\/p>\n<p>16 rue du Gabian<\/p>\n<p>MC 98000 Monaco<\/p>\n<p>Phone: +377 97 70 40 70<\/p>\n<p>E-mail: <a href=\"mailto:contact@gbmlf.com\">contact@gbmlf.com<\/a><\/p>\n<p>Director of Website publication: Thomas GIACCARDI, co-manager.<\/p>\n<p>Ma\u00eetre Thomas GIACCARDI and Ma\u00eetre Thomas BREZZO are member of the Monaco Bar, and subject to the legal and regulatory provisions relating to the legal profession.<\/p>\n<p><strong>2. Website Host<\/strong><\/p>\n<p>OVH<\/p>\n<p>2 rue Kellermann<\/p>\n<p>59100 Roubaix (France)<\/p>\n<p>Phone: +33 9 72 10 10 07<\/p>\n<p>Website: <a href=\"https:\/\/www.ovh.com\/\">https:\/\/www.ovh.com\/<\/a><\/p>\n<p><strong>3. Website Design and technical maintenance<\/strong><\/p>\n<p>FEDERALL<\/p>\n<p>Tour Od\u00e9on<\/p>\n<p>36, avenue de l\u2019Annonciade<\/p>\n<p>MC 98000 Monaco<\/p>\n<p>Phone: +377 99 99 99 97<\/p>\n<p>Website: <a href=\"https:\/\/www.federall.net\/\">https:\/\/www.federall.net\/<\/a><\/p>\n<p><strong>4. Terms of use of the Website<\/strong><\/p>\n<p>The user of the Website <a href=\"https:\/\/gbmlf.miam.dev\/\">https:\/\/gbmlf.miam.dev\/<\/a> (hereinafter &#8220;the user&#8221;) acknowledges having read these terms of use and agrees to respect them.<\/p>\n<p><strong>4.1. Responsibility<\/strong><\/p>\n<p>The user acknowledges having the skills necessary to access the Website and use it.<\/p>\n<p>The user acknowledges having verified that the computer configuration used contains no viruses and is in perfect working order.<\/p>\n<p>The user acknowledges using the data, information, and tools available on the Website under his exclusive responsibility.<\/p>\n<p>GIACCARDI &amp; BREZZO Avocats strives to provide the user with access to the Website 24 hours a day, 7 days a week. However, access may be suspended, limited, or interrupted at any time in order to update the Website,\u00a0 to introduce changes to its content or take any action necessary for the proper functioning of the Website.<\/p>\n<p>GIACCARDI &amp; BREZZO Avocats cannot entirely guarantee the IT security of the Website.<\/p>\n<p>GIACCARDI &amp; BREZZO Avocats cannot be held responsible for any malfunction, failure, or impossibility of access to the Website, the presence of viruses or other logical infections on the Website, and any damage suffered by the user as a result of such impairments.<\/p>\n<p>GIACCARDI &amp; BREZZO Avocats strives to provide the user with data, information and tools that are available and verified.<\/p>\n<p>The data, information, and publications accessible, represented, or downloadable from the Website are not exhaustive, are given for information only, and can in no way be considered as constituting any legal opinion, solicitation, prospecting, or legal service offering.<\/p>\n<p>GIACCARDI &amp; BREZZO Avocats cannot guarantee that the data, information, and publications accessible or downloadable from the Website are accurate, complete, and current, and will in no way be held responsible for any direct or indirect damage resulting from their use by the user.<\/p>\n<p>GIACCARDI &amp; BREZZO Avocats cannot be held responsible for the content accessible from the hypertext links published on the Website or downloadable files from the Website to other resources on the Internet.<\/p>\n<p>The creation of hypertext links to the Website <a href=\"https:\/\/gbmlf.miam.dev\/\">https:\/\/gbmlf.miam.dev\/<\/a> is authorized for purely informational purposes. Such a link does not in any way imply the existence of any affiliation, certification, or validation by GIACCARDI &amp; BREZZO Avocats.<\/p>\n<p><strong>4.2. Intellectual property<\/strong><\/p>\n<p>The Website and each of the elements that compose it, and in particular the images, logos and contents (hereinafter the &#8220;Elements of Intellectual Property&#8221;) are protected by the law of the intellectual property.<\/p>\n<p>Any extraction, exploitation or use of the Intellectual Property Elements must be carried out in accordance with the legislation in force.<\/p>\n<p>The user is authorized to download and reproduce in a sustainable manner the contents of the Website, including legal news, articles, panoramas, and other information on the Website accessible from the &#8220;Publications&#8221; section, subject to the following cumulative conditions: identification of the source of the reproduced contents (Source: GIACCARDI &amp; BREZZO Avocats &#8211; <a href=\"https:\/\/gbmlf.miam.dev\">www.gbmlf.com<\/a>); \u00a9 GIACCARDI &amp; BREZZO Avocats; free delivery of the distribution; respect for the integrity of the reproduced content; destination that does not violate public order or morality, the rights of persons, and, in general, the legislation in force; absence of any confusion regarding the existence of any affiliation, certification or validation of GIACCARDI &amp; BREZZO Avocats.<\/p>\n<p><strong>5. Protection of personal data<\/strong><\/p>\n<p>The purpose of the Website is to disseminate information relating to GIACCARDI &amp; BREZZO Avocats and to subjects of law, legal information, and to contact us.<\/p>\n<p>The Website has been the subject of an ordinary declaration to the Commission de Contr\u00f4le des Informations Nominatives (CCIN) relating to automated processing, which purpose is &#8220;Management of the Website&#8221;.<\/p>\n<p>The personal information entered on the &#8220;Newsletter subscription&#8221; form, and via the use of an electronic mailbox in the &#8220;Contact us&#8221; and &#8220;Join us&#8221; (free application) sections of the Website are collected from users.<\/p>\n<p>In the absence of information required, your request can not be processed.<\/p>\n<p>No personal data is collected without your knowledge.<\/p>\n<p>No personal data is transferred to third parties.<\/p>\n<p>The user is required to comply with the provisions of Law No. 1.165 of 23 December 1993, consolidated, whose violation is punishable by criminal penalties.<\/p>\n<p>The user must, in particular, refrain from any collection, misuse and, in general, any act likely to infringe the privacy or reputation of individuals.<\/p>\n<p>The user is invited to consult the Personal Data Notice accessible on the Website, and by clicking on the following link <a href=\"https:\/\/gbmlf.miam.dev\/en\/protection-des-donnees-personnelles\/\">https:\/\/gbmlf.miam.dev\/en\/protection-des-donnees-personnelles\/<\/a><\/p>\n<p><strong>6. Applicable Law<\/strong><\/p>\n<p>The Website is governed by Monegasque law.<\/p>\n<p><strong>7. Pictures copyrights<\/strong><\/p>\n<p>\u00a9 Getty images<\/p>\n<p>\u00a9 Shutterstock<\/p>\n<p>\u00a9 Istock<\/p>\n<p>\u00a9 Stocklib<\/p>\n<p>\u00a9 Pixabay<\/p>\n<p>\u00a9 Fotolia<\/p>\n<p><strong>8. Modification of the Legal Notice<\/strong><\/p>\n<p>GIACCARDI &amp; BREZZO Avocats reserves the right to modify the content of the Legal Notice on the Website at any time and without prior notice.<\/p>\n<p>The user is therefore invited to consult it regularly.<\/p>\n<p>&nbsp;<\/p>\n","protected":false},"excerpt":{"rendered":"<p>To download, click on &gt; Legal Notice Note: The French text shall prevail in any case. 1. Website Editor The Website accessible at https:\/\/gbmlf.miam.dev\/ (hereinafter the &#8220;Website&#8221;), is published by [&hellip;]<\/p>\n","protected":false},"author":1,"featured_media":255,"parent":0,"menu_order":12,"comment_status":"closed","ping_status":"closed","template":"","meta":[],"acf":[],"yoast_head":"<!-- This site is optimized with the Yoast SEO plugin v21.1 - https:\/\/yoast.com\/wordpress\/plugins\/seo\/ -->\n<title>Legal Notice - Giaccardi &amp; Brezzo Avocats<\/title>\n<meta name=\"robots\" content=\"index, follow, max-snippet:-1, max-image-preview:large, max-video-preview:-1\" \/>\n<link rel=\"canonical\" href=\"https:\/\/gbmlf.miam.dev\/en\/mentions-legales\/\" \/>\n<meta property=\"og:locale\" content=\"en_US\" \/>\n<meta property=\"og:type\" content=\"article\" \/>\n<meta property=\"og:title\" content=\"Legal Notice - Giaccardi &amp; Brezzo Avocats\" \/>\n<meta property=\"og:description\" content=\"To download, click on &gt; Legal Notice Note: The French text shall prevail in any case. 1. Website Editor The Website accessible at https:\/\/gbmlf.miam.dev\/ (hereinafter the &#8220;Website&#8221;), is published by [&hellip;]\" \/>\n<meta property=\"og:url\" content=\"https:\/\/gbmlf.miam.dev\/en\/mentions-legales\/\" \/>\n<meta property=\"og:site_name\" content=\"Giaccardi &amp; Brezzo Avocats\" \/>\n<meta property=\"article:modified_time\" content=\"2021-02-23T15:03:26+00:00\" \/>\n<meta property=\"og:image\" content=\"https:\/\/gbmlf.miam.dev\/wp-content\/uploads\/2018\/03\/contract-document-documents-48148.jpg\" \/>\n\t<meta property=\"og:image:width\" content=\"3008\" \/>\n\t<meta property=\"og:image:height\" content=\"2000\" \/>\n\t<meta property=\"og:image:type\" content=\"image\/jpeg\" \/>\n<meta name=\"twitter:card\" content=\"summary_large_image\" \/>\n<meta name=\"twitter:label1\" content=\"Est. reading time\" \/>\n\t<meta name=\"twitter:data1\" content=\"5 minutes\" \/>\n<script type=\"application\/ld+json\" class=\"yoast-schema-graph\">{\"@context\":\"https:\/\/schema.org\",\"@graph\":[{\"@type\":\"WebPage\",\"@id\":\"https:\/\/gbmlf.miam.dev\/en\/mentions-legales\/\",\"url\":\"https:\/\/gbmlf.miam.dev\/en\/mentions-legales\/\",\"name\":\"Legal Notice - Giaccardi &amp; Brezzo Avocats\",\"isPartOf\":{\"@id\":\"https:\/\/gbmlf.miam.dev\/#website\"},\"datePublished\":\"2018-02-20T16:11:55+00:00\",\"dateModified\":\"2021-02-23T15:03:26+00:00\",\"breadcrumb\":{\"@id\":\"https:\/\/gbmlf.miam.dev\/en\/mentions-legales\/#breadcrumb\"},\"inLanguage\":\"en-US\",\"potentialAction\":[{\"@type\":\"ReadAction\",\"target\":[\"https:\/\/gbmlf.miam.dev\/en\/mentions-legales\/\"]}]},{\"@type\":\"BreadcrumbList\",\"@id\":\"https:\/\/gbmlf.miam.dev\/en\/mentions-legales\/#breadcrumb\",\"itemListElement\":[{\"@type\":\"ListItem\",\"position\":1,\"name\":\"Accueil\",\"item\":\"https:\/\/gbmlf.miam.dev\/en\/\"},{\"@type\":\"ListItem\",\"position\":2,\"name\":\"Legal Notice\"}]},{\"@type\":\"WebSite\",\"@id\":\"https:\/\/gbmlf.miam.dev\/#website\",\"url\":\"https:\/\/gbmlf.miam.dev\/\",\"name\":\"Giaccardi &amp; Brezzo Avocats\",\"description\":\"\",\"potentialAction\":[{\"@type\":\"SearchAction\",\"target\":{\"@type\":\"EntryPoint\",\"urlTemplate\":\"https:\/\/gbmlf.miam.dev\/?s={search_term_string}\"},\"query-input\":\"required name=search_term_string\"}],\"inLanguage\":\"en-US\"}]}<\/script>\n<!-- \/ Yoast SEO plugin. -->","yoast_head_json":{"title":"Legal Notice - Giaccardi &amp; Brezzo Avocats","robots":{"index":"index","follow":"follow","max-snippet":"max-snippet:-1","max-image-preview":"max-image-preview:large","max-video-preview":"max-video-preview:-1"},"canonical":"https:\/\/gbmlf.miam.dev\/en\/mentions-legales\/","og_locale":"en_US","og_type":"article","og_title":"Legal Notice - Giaccardi &amp; Brezzo Avocats","og_description":"To download, click on &gt; Legal Notice Note: The French text shall prevail in any case. 1. Website Editor The Website accessible at https:\/\/gbmlf.miam.dev\/ (hereinafter the &#8220;Website&#8221;), is published by [&hellip;]","og_url":"https:\/\/gbmlf.miam.dev\/en\/mentions-legales\/","og_site_name":"Giaccardi &amp; Brezzo Avocats","article_modified_time":"2021-02-23T15:03:26+00:00","og_image":[{"width":3008,"height":2000,"url":"https:\/\/gbmlf.miam.dev\/wp-content\/uploads\/2018\/03\/contract-document-documents-48148.jpg","type":"image\/jpeg"}],"twitter_card":"summary_large_image","twitter_misc":{"Est. reading time":"5 minutes"},"schema":{"@context":"https:\/\/schema.org","@graph":[{"@type":"WebPage","@id":"https:\/\/gbmlf.miam.dev\/en\/mentions-legales\/","url":"https:\/\/gbmlf.miam.dev\/en\/mentions-legales\/","name":"Legal Notice - Giaccardi &amp; Brezzo Avocats","isPartOf":{"@id":"https:\/\/gbmlf.miam.dev\/#website"},"datePublished":"2018-02-20T16:11:55+00:00","dateModified":"2021-02-23T15:03:26+00:00","breadcrumb":{"@id":"https:\/\/gbmlf.miam.dev\/en\/mentions-legales\/#breadcrumb"},"inLanguage":"en-US","potentialAction":[{"@type":"ReadAction","target":["https:\/\/gbmlf.miam.dev\/en\/mentions-legales\/"]}]},{"@type":"BreadcrumbList","@id":"https:\/\/gbmlf.miam.dev\/en\/mentions-legales\/#breadcrumb","itemListElement":[{"@type":"ListItem","position":1,"name":"Accueil","item":"https:\/\/gbmlf.miam.dev\/en\/"},{"@type":"ListItem","position":2,"name":"Legal Notice"}]},{"@type":"WebSite","@id":"https:\/\/gbmlf.miam.dev\/#website","url":"https:\/\/gbmlf.miam.dev\/","name":"Giaccardi &amp; Brezzo Avocats","description":"","potentialAction":[{"@type":"SearchAction","target":{"@type":"EntryPoint","urlTemplate":"https:\/\/gbmlf.miam.dev\/?s={search_term_string}"},"query-input":"required name=search_term_string"}],"inLanguage":"en-US"}]}},"_links":{"self":[{"href":"https:\/\/gbmlf.miam.dev\/en\/wp-json\/wp\/v2\/pages\/271"}],"collection":[{"href":"https:\/\/gbmlf.miam.dev\/en\/wp-json\/wp\/v2\/pages"}],"about":[{"href":"https:\/\/gbmlf.miam.dev\/en\/wp-json\/wp\/v2\/types\/page"}],"author":[{"embeddable":true,"href":"https:\/\/gbmlf.miam.dev\/en\/wp-json\/wp\/v2\/users\/1"}],"replies":[{"embeddable":true,"href":"https:\/\/gbmlf.miam.dev\/en\/wp-json\/wp\/v2\/comments?post=271"}],"version-history":[{"count":5,"href":"https:\/\/gbmlf.miam.dev\/en\/wp-json\/wp\/v2\/pages\/271\/revisions"}],"predecessor-version":[{"id":5633,"href":"https:\/\/gbmlf.miam.dev\/en\/wp-json\/wp\/v2\/pages\/271\/revisions\/5633"}],"wp:featuredmedia":[{"embeddable":true,"href":"https:\/\/gbmlf.miam.dev\/en\/wp-json\/wp\/v2\/media\/255"}],"wp:attachment":[{"href":"https:\/\/gbmlf.miam.dev\/en\/wp-json\/wp\/v2\/media?parent=271"}],"curies":[{"name":"wp","href":"https:\/\/api.w.org\/{rel}","templated":true}]}}