{"id":272,"date":"2018-02-20T17:11:55","date_gmt":"2018-02-20T16:11:55","guid":{"rendered":"https:\/\/gbmlf.miam.dev\/mentions-legales\/"},"modified":"2021-02-23T16:42:30","modified_gmt":"2021-02-23T15:42:30","slug":"mentions-legales","status":"publish","type":"page","link":"https:\/\/gbmlf.miam.dev\/it\/mentions-legales\/","title":{"rendered":"Nota legale"},"content":{"rendered":"<p>Per scaricare, cliccare su &gt;\u00a0<a href=\"https:\/\/gbmlf.miam.dev\/wp-content\/uploads\/2021\/02\/Nota-legale-del-sito-www.gbmlf_-1.pdf\"><strong>Nota legale\u00a0\u00a0<\/strong><\/a><\/p>\n<p><em>Nota: in caso di incongruenze o discrepanze tra la versione francese e una qualsiasi altra versione linguistica della presente Nota legale, far\u00e0 fede la versione francese.<\/em><\/p>\n<p>&nbsp;<\/p>\n<p><strong>1. Editore del Sito <\/strong><\/p>\n<p><strong>\u00a0<\/strong>Il presente Sito Web, accessibile all\u2019indirizzo <a href=\"https:\/\/gbmlf.miam.dev\/\">https:\/\/gbmlf.miam.dev\/<\/a> \u00a0(di seguito il \u00ab\u00a0Sito\u00a0\u00bb), \u00e8 pubblicato da GIACCARDI BREZZO ASSOCIES, Soci\u00e9t\u00e9 Civile Particuli\u00e8re (SCP)\u00a0(di seguito \u00ab\u00a0GIACCARDI &amp; BREZZO Avocats\u00a0\u00bb) :<\/p>\n<p>\u00ab\u00a0Les Flots bleus\u00a0\u00bb<\/p>\n<p>16 rue du Gabian<\/p>\n<p>MC 98000 Monaco<\/p>\n<p>Telefono\u00a0: +377 97 70 40 70<\/p>\n<p>Email\u00a0: <a href=\"mailto:contact@gbmlf.com\">contact@gbmlf.com<\/a><\/p>\n<p>Direttore della pubblicazione del Sito\u00a0: Thomas GIACCARDI, co-manager.<\/p>\n<p>Ma\u00eetre Thomas GIACCARDI e Ma\u00eetre Thomas BREZZO sono membri dell&#8217;Ordine degli Avvocati di Monaco, e sottoposti alle disposizioni legislative e regolamentari relative alla professione d\u2019avvocato.<\/p>\n<p><strong>2. Host del Sito\u00a0<\/strong><\/p>\n<p>OVH<\/p>\n<p>2 rue Kellermann,<\/p>\n<p>59100 Roubaix (France)<\/p>\n<p>Telefono\u00a0: +33 9 72 10 10 07<\/p>\n<p>Sito Internet\u00a0:\u00a0<a href=\"https:\/\/www.ovh.com\/\">https:\/\/www.ovh.com\/<\/a><\/p>\n<p><strong>3. Concezione e manutenzione del Sito\u00a0<\/strong><\/p>\n<p>FEDERALL<\/p>\n<p>Tour Od\u00e9on<br \/>\n36, avenue de l\u2019Annonciade<br \/>\nMC 98000 Monaco<br \/>\nTelefono\u00a0: +377 99 99 99 97<br \/>\nSito Internet : <a href=\"https:\/\/www.federall.net\/\">https:\/\/www.federall.net\/<\/a><\/p>\n<p><strong>4. Condizioni di utilizzo del Sito <\/strong><\/p>\n<p>L\u2019Utente del Sito <a href=\"https:\/\/gbmlf.miam.dev\/\">https:\/\/gbmlf.miam.dev\/<\/a> (di seguito \u00ab\u00a0l\u2019Utente\u00a0\u00bb) riconosce aver preso conoscenza delle presenti condizioni di utilizzo e si impegna a rispettarle.<\/p>\n<p><strong>4.1. Responsabilit\u00e0<\/strong><\/p>\n<p>L\u2019Utente riconosce di disporre della competenza e dei mezzi necessari per accedere al Sito e per utilizzarlo.<\/p>\n<p>L\u2019Utente riconosce di aver verificato che la configurazione informatica utilizzata non contiene alcun virus e che \u00e8 in perfetto stato di funzionamento.<\/p>\n<p>L\u2019utente riconosce di utilizzare i dati, le informazioni e gli strumenti disponibili sul Sito sotto la sua esclusiva responsabilit\u00e0.<\/p>\n<p>GIACCARDI &amp; BREZZO Avocats si impegna ad assicurare all\u2019Utente l\u2019accesso al sito 24 ore su 24, 7 giorni su 7. L\u2019accesso potr\u00e0 tuttavia essere in ogni momento sospeso, limitato o interrotto per procedere all\u2019aggiornamento, alle modifiche del contenuto od ad ogni altra azione necessaria al corretto funzionamento del Sito.<\/p>\n<p>GIACCARDI &amp; BREZZO Avocats non pu\u00f2 garantire la completa sicurezza informatica del Sito.<\/p>\n<p>GIACCARDI &amp; BREZZO Avocats non sar\u00e0 responsabile per il malfunzionamento, i guasti o l\u2019impossibilt\u00e0 di accesso al Sito, per la presenza di virus sul Sito, e per ogni altro danno subito dall\u2019Utente a seguito di tali disfunzioni.<\/p>\n<p>GIACCARDI &amp; BREZZO Avocats si impegna a mettere a disposizione dell\u2019Utente dati, informazioni e strumenti fruibili e verificati.<\/p>\n<p>I dati, le informazioni e le pubblicazioni accessibili, rappresentati o scaricabili a partire dal Sito non hanno carattere esaustivo, sono comunicati a titolo puramente indicativo, e non possono in alcun caso essere considerati come un parere giuridico, una pubblicit\u00e0 o un\u2019offerta di servizi giuridici.<\/p>\n<p>GIACCARDI &amp; BREZZO Avocats non pu\u00f2 garantire che i dati, le informazioni e le pubblicazioni accessibili o scaricabili a partire dal Sito siano esatti, completi e attuali, e non pu\u00f2 in alcun caso essere ritenuto responsabile dei danni diretti o indiretti che risultano dal loro utilizzo da parte dell\u2019Utente.<\/p>\n<p>GIACCARDI &amp; BREZZO Avocats non pu\u00f2 essere ritenuto responsabile per il contenuto accessibile a partire dai link pubblicati sul Sito o dai file scaricabili dal Sito, che rimandano ad altre risorse presenti sul web.<\/p>\n<p>La creazione di link verso il Sito <a href=\"https:\/\/gbmlf.miam.dev\/\">https:\/\/gbmlf.miam.dev\/<\/a> \u00e8 autorizzata a dei fini puramenti informativi. Tali link non sottointendono l\u2019esistenza di una qualunque affiliazione, certificazione o convalida da parte di GIACCARDI &amp; BREZZO Avocats.<\/p>\n<p><strong>4.2. Propriet\u00e0 intellettuale<\/strong><\/p>\n<p>Il Sito e ciascuno degli elementi che lo compongono, in particolare le immagini, i loghi e i contenuti (di seguito gli Elementi di Propriet\u00e0 Intellettuale), sono protetti dalla legge sulla propriet\u00e0 intellettuale.<\/p>\n<p>Qualsiasi estratto, impiego o utilizzo degli Elementi di Propriet\u00e0 Intellettuale deve essere effettuato in conformit\u00e0 con la legislazione in vigore.<\/p>\n<p>L&#8217;Utente \u00e8 autorizzato a scaricare e riprodurre in modo sostenibile i contenuti del Sito, inclusi articoli, panorami legislativi e altre informazioni del Sito accessibili dalla sezione &#8220;Pubblicazioni&#8221; alle seguenti condizioni cumulative : identificazione della fonte dei contenuti riprodotti (fonte\u00a0: GIACCARDI &amp; BREZZO Avocats\u00a0\u2013 <a href=\"https:\/\/gbmlf.miam.dev\">www.gbmlf.com<\/a>); menzione \u00a9 GIACCARDI &amp; BREZZO Avocats; diffusione totalmente gratuita; rispetto dell&#8217;integrit\u00e0 dei contenuti riprodotti; destinazione che non violi l&#8217;ordine pubblico e\/o la moralit\u00e0, i diritti delle persone e, in generale, la legislazione in vigore; assenza di confusione in merito all&#8217;esistenza di affiliazioni, certificazioni o convalide di GIACCARDI &amp; BREZZO Avocats\u00a0.<\/p>\n<p><strong>5. Protezione dei dati personali<\/strong><\/p>\n<p>Lo scopo del Sito \u00e8 quello di divulgare informazioni relative a GIACCARDI &amp; BREZZO Avocats ed ad argomenti di diritto, informazioni legali ed anche di permettere di essere contattati dagli Utenti.<\/p>\n<p>Il Sito \u00e8 stato oggetto di una dichiarazione ordinaria alla Commissione per il Controllo delle Informazioni Nominative (CCIN) relativa al trattamento automatizzato il cui scopo \u00e8 &#8220;Gestione del sito web&#8221;.<\/p>\n<p>Sono raccolte le informazioni personali degli utenti inserite nel modulo &#8220;Iscrizione alla newsletter&#8221; e tramite l&#8217;utilizzo di una casella di posta elettronica nelle sezioni &#8220;Contattaci&#8221; e &#8220;Lavorare con noi&#8221; (candidatura libera) del Sito.<\/p>\n<p>In assenza del rilascio delle informazioni obbligatorie, la richiesta dell\u2019Utente non potr\u00e0 essere elaborata.<\/p>\n<p>Nessun dato personale \u00e8 raccolto all\u2019insaputa dell\u2019Utente.<\/p>\n<p>Nessun dato personale \u00e8 trasferito a terzi.<\/p>\n<p>L&#8217;Utente \u00e8 tenuto a rispettare le disposizioni della Legge n\u00b0 1.165 del 23 dicembre 1993, la cui violazione \u00e8 punibile con sanzioni penali.<\/p>\n<p>L&#8217;Utente deve in particolare astenersi da qualsiasi raccolta, uso improprio e, in generale, qualsiasi atto che possa violare la privacy o la reputazione delle persone.<\/p>\n<p>L&#8217;Utente \u00e8 invitato a consultare la Nota sui dati personali accessibile sul Sito, e cliccando sul seguente link.<\/p>\n<p><strong>6. Legge applicabile<\/strong><\/p>\n<p>Il presente Sito \u00e8 disciplinato dalla legge monegasca.<\/p>\n<p><strong>7. Imaggini Copyrights<\/strong><\/p>\n<p>\u00a9 Getty images<\/p>\n<p>\u00a9 Shutterstock<\/p>\n<p>\u00a9 Istock<\/p>\n<p>\u00a9 Stocklib<\/p>\n<p>\u00a9 Pixabay<\/p>\n<p>\u00a9 Fotolia<\/p>\n<p><strong>8. Modifica della Nota Legale<\/strong><\/p>\n<p>GIACCARDI &amp; BREZZO Avocats si riserva il diritto di modificare il contenuto della Nota Legale del Sito in ogni momento e senza preavviso.<\/p>\n<p>L\u2019Utente \u00e8 altres\u00ec invitato a consultare detta Nota regolarmente.<\/p>\n<p>&nbsp;<\/p>\n","protected":false},"excerpt":{"rendered":"<p>Per scaricare, cliccare su &gt;\u00a0Nota legale\u00a0\u00a0 Nota: in caso di incongruenze o discrepanze tra la versione francese e una qualsiasi altra versione linguistica della presente Nota legale, far\u00e0 fede la [&hellip;]<\/p>\n","protected":false},"author":1,"featured_media":256,"parent":0,"menu_order":10,"comment_status":"closed","ping_status":"closed","template":"","meta":[],"acf":[],"yoast_head":"<!-- This site is optimized with the Yoast SEO plugin v21.1 - https:\/\/yoast.com\/wordpress\/plugins\/seo\/ -->\n<title>Nota legale - Giaccardi &amp; Brezzo Avocats<\/title>\n<meta name=\"robots\" content=\"index, follow, max-snippet:-1, max-image-preview:large, max-video-preview:-1\" \/>\n<link rel=\"canonical\" href=\"https:\/\/gbmlf.miam.dev\/it\/mentions-legales\/\" \/>\n<meta property=\"og:locale\" content=\"it_IT\" \/>\n<meta property=\"og:type\" content=\"article\" \/>\n<meta property=\"og:title\" content=\"Nota legale - Giaccardi &amp; Brezzo Avocats\" \/>\n<meta property=\"og:description\" content=\"Per scaricare, cliccare su &gt;\u00a0Nota legale\u00a0\u00a0 Nota: in caso di incongruenze o discrepanze tra la versione francese e una qualsiasi altra versione linguistica della presente Nota legale, far\u00e0 fede la [&hellip;]\" \/>\n<meta property=\"og:url\" content=\"https:\/\/gbmlf.miam.dev\/it\/mentions-legales\/\" \/>\n<meta property=\"og:site_name\" content=\"Giaccardi &amp; Brezzo Avocats\" \/>\n<meta property=\"article:modified_time\" content=\"2021-02-23T15:42:30+00:00\" \/>\n<meta property=\"og:image\" content=\"https:\/\/gbmlf.miam.dev\/wp-content\/uploads\/2018\/03\/contract-document-documents-48148.jpg\" \/>\n\t<meta property=\"og:image:width\" content=\"3008\" \/>\n\t<meta property=\"og:image:height\" content=\"2000\" \/>\n\t<meta property=\"og:image:type\" content=\"image\/jpeg\" \/>\n<meta name=\"twitter:card\" content=\"summary_large_image\" \/>\n<meta name=\"twitter:label1\" content=\"Est. reading time\" \/>\n\t<meta name=\"twitter:data1\" content=\"5 minutes\" \/>\n<script type=\"application\/ld+json\" class=\"yoast-schema-graph\">{\"@context\":\"https:\/\/schema.org\",\"@graph\":[{\"@type\":\"WebPage\",\"@id\":\"https:\/\/gbmlf.miam.dev\/it\/mentions-legales\/\",\"url\":\"https:\/\/gbmlf.miam.dev\/it\/mentions-legales\/\",\"name\":\"Nota legale - Giaccardi &amp; Brezzo Avocats\",\"isPartOf\":{\"@id\":\"https:\/\/gbmlf.miam.dev\/#website\"},\"datePublished\":\"2018-02-20T16:11:55+00:00\",\"dateModified\":\"2021-02-23T15:42:30+00:00\",\"breadcrumb\":{\"@id\":\"https:\/\/gbmlf.miam.dev\/it\/mentions-legales\/#breadcrumb\"},\"inLanguage\":\"it-IT\",\"potentialAction\":[{\"@type\":\"ReadAction\",\"target\":[\"https:\/\/gbmlf.miam.dev\/it\/mentions-legales\/\"]}]},{\"@type\":\"BreadcrumbList\",\"@id\":\"https:\/\/gbmlf.miam.dev\/it\/mentions-legales\/#breadcrumb\",\"itemListElement\":[{\"@type\":\"ListItem\",\"position\":1,\"name\":\"Accueil\",\"item\":\"https:\/\/gbmlf.miam.dev\/it\/\"},{\"@type\":\"ListItem\",\"position\":2,\"name\":\"Nota legale\"}]},{\"@type\":\"WebSite\",\"@id\":\"https:\/\/gbmlf.miam.dev\/#website\",\"url\":\"https:\/\/gbmlf.miam.dev\/\",\"name\":\"Giaccardi &amp; Brezzo Avocats\",\"description\":\"\",\"potentialAction\":[{\"@type\":\"SearchAction\",\"target\":{\"@type\":\"EntryPoint\",\"urlTemplate\":\"https:\/\/gbmlf.miam.dev\/?s={search_term_string}\"},\"query-input\":\"required name=search_term_string\"}],\"inLanguage\":\"it-IT\"}]}<\/script>\n<!-- \/ Yoast SEO plugin. -->","yoast_head_json":{"title":"Nota legale - Giaccardi &amp; Brezzo Avocats","robots":{"index":"index","follow":"follow","max-snippet":"max-snippet:-1","max-image-preview":"max-image-preview:large","max-video-preview":"max-video-preview:-1"},"canonical":"https:\/\/gbmlf.miam.dev\/it\/mentions-legales\/","og_locale":"it_IT","og_type":"article","og_title":"Nota legale - Giaccardi &amp; Brezzo Avocats","og_description":"Per scaricare, cliccare su &gt;\u00a0Nota legale\u00a0\u00a0 Nota: in caso di incongruenze o discrepanze tra la versione francese e una qualsiasi altra versione linguistica della presente Nota legale, far\u00e0 fede la [&hellip;]","og_url":"https:\/\/gbmlf.miam.dev\/it\/mentions-legales\/","og_site_name":"Giaccardi &amp; Brezzo Avocats","article_modified_time":"2021-02-23T15:42:30+00:00","og_image":[{"width":3008,"height":2000,"url":"https:\/\/gbmlf.miam.dev\/wp-content\/uploads\/2018\/03\/contract-document-documents-48148.jpg","type":"image\/jpeg"}],"twitter_card":"summary_large_image","twitter_misc":{"Est. reading time":"5 minutes"},"schema":{"@context":"https:\/\/schema.org","@graph":[{"@type":"WebPage","@id":"https:\/\/gbmlf.miam.dev\/it\/mentions-legales\/","url":"https:\/\/gbmlf.miam.dev\/it\/mentions-legales\/","name":"Nota legale - Giaccardi &amp; Brezzo Avocats","isPartOf":{"@id":"https:\/\/gbmlf.miam.dev\/#website"},"datePublished":"2018-02-20T16:11:55+00:00","dateModified":"2021-02-23T15:42:30+00:00","breadcrumb":{"@id":"https:\/\/gbmlf.miam.dev\/it\/mentions-legales\/#breadcrumb"},"inLanguage":"it-IT","potentialAction":[{"@type":"ReadAction","target":["https:\/\/gbmlf.miam.dev\/it\/mentions-legales\/"]}]},{"@type":"BreadcrumbList","@id":"https:\/\/gbmlf.miam.dev\/it\/mentions-legales\/#breadcrumb","itemListElement":[{"@type":"ListItem","position":1,"name":"Accueil","item":"https:\/\/gbmlf.miam.dev\/it\/"},{"@type":"ListItem","position":2,"name":"Nota legale"}]},{"@type":"WebSite","@id":"https:\/\/gbmlf.miam.dev\/#website","url":"https:\/\/gbmlf.miam.dev\/","name":"Giaccardi &amp; Brezzo Avocats","description":"","potentialAction":[{"@type":"SearchAction","target":{"@type":"EntryPoint","urlTemplate":"https:\/\/gbmlf.miam.dev\/?s={search_term_string}"},"query-input":"required name=search_term_string"}],"inLanguage":"it-IT"}]}},"_links":{"self":[{"href":"https:\/\/gbmlf.miam.dev\/it\/wp-json\/wp\/v2\/pages\/272"}],"collection":[{"href":"https:\/\/gbmlf.miam.dev\/it\/wp-json\/wp\/v2\/pages"}],"about":[{"href":"https:\/\/gbmlf.miam.dev\/it\/wp-json\/wp\/v2\/types\/page"}],"author":[{"embeddable":true,"href":"https:\/\/gbmlf.miam.dev\/it\/wp-json\/wp\/v2\/users\/1"}],"replies":[{"embeddable":true,"href":"https:\/\/gbmlf.miam.dev\/it\/wp-json\/wp\/v2\/comments?post=272"}],"version-history":[{"count":5,"href":"https:\/\/gbmlf.miam.dev\/it\/wp-json\/wp\/v2\/pages\/272\/revisions"}],"predecessor-version":[{"id":5643,"href":"https:\/\/gbmlf.miam.dev\/it\/wp-json\/wp\/v2\/pages\/272\/revisions\/5643"}],"wp:featuredmedia":[{"embeddable":true,"href":"https:\/\/gbmlf.miam.dev\/it\/wp-json\/wp\/v2\/media\/256"}],"wp:attachment":[{"href":"https:\/\/gbmlf.miam.dev\/it\/wp-json\/wp\/v2\/media?parent=272"}],"curies":[{"name":"wp","href":"https:\/\/api.w.org\/{rel}","templated":true}]}}